{"id":1185,"date":"2024-12-18T10:35:42","date_gmt":"2024-12-18T09:35:42","guid":{"rendered":"https:\/\/institut.kokorolingua.fr\/politique-de-gestion-des-cookies\/"},"modified":"2025-02-05T10:39:30","modified_gmt":"2025-02-05T09:39:30","slug":"politique-de-gestion-des-cookies","status":"publish","type":"page","link":"https:\/\/institut.kokorolingua.fr\/ko\/politique-de-gestion-des-cookies\/","title":{"rendered":"politique de gestion des cookies"},"content":{"rendered":"\t\t<div data-elementor-type=\"wp-page\" data-elementor-id=\"1185\" class=\"elementor elementor-1185 elementor-934\" data-elementor-post-type=\"page\">\n\t\t\t\t\t\t<section class=\"elementor-section elementor-top-section elementor-element elementor-element-2381ae14 elementor-section-boxed elementor-section-height-default elementor-section-height-default\" data-id=\"2381ae14\" data-element_type=\"section\">\n\t\t\t\t\t\t<div class=\"elementor-container elementor-column-gap-default\">\n\t\t\t\t\t<div class=\"elementor-column elementor-col-100 elementor-top-column elementor-element elementor-element-2beab4cb\" data-id=\"2beab4cb\" data-element_type=\"column\">\n\t\t\t<div class=\"elementor-widget-wrap elementor-element-populated\">\n\t\t\t\t\t\t<section class=\"elementor-section elementor-inner-section elementor-element elementor-element-67bb1c67 elementor-section-boxed elementor-section-height-default elementor-section-height-default\" data-id=\"67bb1c67\" data-element_type=\"section\">\n\t\t\t\t\t\t<div class=\"elementor-container elementor-column-gap-default\">\n\t\t\t\t\t<div class=\"elementor-column elementor-col-100 elementor-inner-column elementor-element elementor-element-623b3498\" data-id=\"623b3498\" data-element_type=\"column\">\n\t\t\t<div class=\"elementor-widget-wrap elementor-element-populated\">\n\t\t\t\t\t\t<div class=\"elementor-element elementor-element-2959b617 elementor-widget elementor-widget-heading\" data-id=\"2959b617\" data-element_type=\"widget\" data-widget_type=\"heading.default\">\n\t\t\t\t<div class=\"elementor-widget-container\">\n\t\t\t\t\t<h2 class=\"elementor-heading-title elementor-size-default\">Politique de gestion des cookies<\/h2>\t\t\t\t<\/div>\n\t\t\t\t<\/div>\n\t\t\t\t\t<\/div>\n\t\t<\/div>\n\t\t\t\t\t<\/div>\n\t\t<\/section>\n\t\t\t\t<div class=\"elementor-element elementor-element-3eee3fdd elementor-widget elementor-widget-text-editor\" data-id=\"3eee3fdd\" data-element_type=\"widget\" data-widget_type=\"text-editor.default\">\n\t\t\t\t<div class=\"elementor-widget-container\">\n\t\t\t\t\t\t\t\t\t<p>Vous pouvez consulter notre politique de confidentialit\u00e9, qui pr\u00e9sente la mani\u00e8re dont nous traitons les donn\u00e9es personnelles que nous recueillons et que vous nous fournissez\u00a0: <a href=\"https:\/\/kokorolingua.fr\/politique-de-confidentialite\/\">Politique de confidentialit\u00e9<\/a>.<\/p><p>Nous vous invitons \u00e0 lire attentivement cette politique ainsi que les informations ci-apr\u00e8s pour comprendre nos pratiques quant aux traitements de vos donn\u00e9es personnelles que nous mettons en \u0153uvre.<\/p><p>La pr\u00e9sente politique de cookies a pour objet de vous permettre de mieux comprendre\u00a0comment fonctionnent les cookies susceptibles d\u2019\u00eatre d\u00e9pos\u00e9s sur le terminal des utilisateurs lors de la consultation du site web, sous r\u00e9serve des choix qui vous auriez exprim\u00e9s concernant les Cookies.<\/p>\t\t\t\t\t\t\t\t<\/div>\n\t\t\t\t<\/div>\n\t\t\t\t<div class=\"elementor-element elementor-element-4adab684 elementor-widget elementor-widget-text-editor\" data-id=\"4adab684\" data-element_type=\"widget\" data-widget_type=\"text-editor.default\">\n\t\t\t\t<div class=\"elementor-widget-container\">\n\t\t\t\t\t\t\t\t\t<p><b>Qu\u2019est-ce qu\u2019un cookie\u00a0?<\/b><\/p><p>Un cookie, ou t\u00e9moin de connexion, est un fichier texte stock\u00e9 sur votre \u00e9quipement (ordinateur, t\u00e9l\u00e9phone, tablette), \u00e0 l\u2019occasion de la consultation d\u2019un site web. Il permet \u00e0 son \u00e9metteur d\u2019identifier votre \u00e9quipement de mani\u00e8re unique, pendant sa dur\u00e9e de validit\u00e9 et de garder en m\u00e9moire certaines informations relatives \u00e0 votre parcours, notamment, afin de simplifier votre navigation sur nos sites web ou vous proposer des contenus adapt\u00e9s \u00e0 vos centres d\u2019int\u00e9r\u00eats.<\/p><p>Certains cookies sont indispensables \u00e0 l\u2019utilisation du site web, d\u2019autres permettent d\u2019optimiser et de personnaliser les contenus affich\u00e9s.<\/p><p><b>Qui d\u00e9pose les cookies\u00a0?<\/b><\/p><p>Les cookies plac\u00e9s sur le terminal des utilisateurs depuis nos sites peuvent \u00eatre d\u00e9pos\u00e9s par KOKORO lingua . Les cookies d\u00e9pos\u00e9s par KOKORO lingua sont principalement li\u00e9s au fonctionnement des sites, ce sont des cookies \u00ab\u00a0de session\u00a0\u00bb.<\/p><p>Les autres cookies sont des cookies \u00ab\u00a0tiers\u00a0\u00bb d\u00e9pos\u00e9s par des partenaires sur le site web. KOKORO lingua s\u2019assure que l\u2019\u00e9mission et l\u2019utilisation des cookies est saine.<\/p><p><b>Finalit\u00e9 d\u2019utilisation des cookies<\/b><\/p><p><b>Stockage des informations que vous fournissez \u00e0 un site web<\/b> : lorsque vous fournissez des informations sur les sites web de KOKORO lingua, nous stockons les donn\u00e9es \u00e0 caract\u00e8re personnel dans un cookie afin de m\u00e9moriser les informations que vous avez ajout\u00e9es. KOKORO lingua vous \u00e9vite ainsi de ressaisir les m\u00eames informations \u00e0 chaque fois que vous visitez nos sites web.<\/p><p><b>Optimisation<\/b> : les cookies sont \u00e9galement utilis\u00e9s pour optimiser la performance de nos sites. A titre d\u2019exemple, ils facilitent votre navigation et vous aident \u00e0 trouver un contenu sp\u00e9cifique plus rapidement.<\/p><p><b>Analyse<\/b> : KOKORO lingua utilise des cookies par exemple pour compter le nombre de visiteurs uniques sur une page ou un service web et pour d\u00e9velopper d\u2019autres statistiques sur le fonctionnement de ses services via des analyses tiers.<\/p><p><b>Types de cookies utilis\u00e9s<\/b><\/p><p><b>Les cookies \u00ab\u00a0n\u00e9cessaires\u00a0\u00bb et de \u00ab\u00a0session\u00a0\u00bb<\/b><\/p><p>Ces cookies sont d\u00e9pos\u00e9s sur l\u2019ensemble des sites internet, sites mobiles et applications mobiles. Ils facilitent votre navigation entre les pages de nos sites et expirent automatiquement lorsque vous fermez votre navigateur. Vous pouvez choisir de d\u00e9sactiver ces cookies via votre navigateur internet, sans alt\u00e9rer l\u2019acc\u00e8s \u00e0 nos services.<\/p><p><strong>Les cookies &#8220;first party&#8221; ou &#8220;internes&#8221;<\/strong><\/p><p>Ils sont d\u00e9pos\u00e9s par <a href=\"https:\/\/kokorolingua.fr\/\" data-ik=\"ik-secure\">https:\/\/kokorolingua.fr<\/a> et peuvent \u00eatre utilis\u00e9s pour collecter des donn\u00e9es personnelles, suivre le comportement de l&#8217;utilisateur et servir \u00e0 des finalit\u00e9s publicitaires.<\/p><p><b>Les cookies de performance et de mesure d\u2019audience<\/b><\/p><p>Ces cookies sont d\u00e9pos\u00e9s sur l&#8217;ensemble des sites internet. Ils permettent de collecter des donn\u00e9es statistiques de fr\u00e9quentation (adresses IP, identifiants de connexion) et les sources du trafic de nos sites afin d\u2019am\u00e9liorer leur ergonomie et l\u2019exp\u00e9rience utilisateur. \u00a0Ils permettent \u00e9galement\u00a0 d\u2019identifier les pages les plus visit\u00e9es et de mesurer les tendances de l\u2019internaute.<\/p><p>Toutes les donn\u00e9es collect\u00e9es par cette cat\u00e9gorie de donn\u00e9es sont anonymis\u00e9es. Lorsque les donn\u00e9es statistiques sont anonymes (c\u2019est-\u00e0-dire qu\u2019elles ne permettent pas d\u2019identifier une personne physique), le consentement de l\u2019utilisateur n\u2019est pas n\u00e9cessaire. Cependant, la finalit\u00e9 de ces cookies doit se limiter \u00e0 la mesure de l\u2019audience du site et pour r\u00e9pondre aux diff\u00e9rents besoins (mesure des performances, d\u00e9tection de probl\u00e8mes de navigation, optimisation des performances techniques ou de l\u2019ergonomie, estimation de la puissance des serveurs n\u00e9cessaires, analyse des contenus consult\u00e9s, etc.) strictement n\u00e9cessaire au bon fonctionnement et aux op\u00e9rations de gestion courante du site web ou de l\u2019application. En dehors de ces finalit\u00e9s, le consentement de l\u2019internaute devra \u00eatre demand\u00e9 au pr\u00e9alable et pouvoir \u00eatre retir\u00e9 facilement.<\/p><p><b>Les cookies \u00ab\u00a0third party\u00a0\u00bb ou \u00ab\u00a0tiers\u00a0\u00bb<\/b><\/p><p>Les pages web de KOKORO lingua peuvent contenir des liens et\/ou images \u00e9lectroniques connues sous le nom de balises web (\u00e9galement appel\u00e9es pixels espions) que nous utilisons pour placer des cookies sur nos sites web, compter les utilisateurs qui consultent ces sites web et fournir des services de qualit\u00e9.<\/p><p>Ces cookies provenant de prestataires d\u2019analyses tiers nous aident \u00e0 \u00e9tablir des statistiques globales sur l\u2019efficacit\u00e9 des campagnes promotionnelles ou d\u2019autres op\u00e9rations. Ces technologies permettent aux prestataires d\u2019analyses de placer et de lire leurs propres cookies ou autres identifiants sur votre appareil, gr\u00e2ce auxquels ils peuvent recueillir des informations sur vos activit\u00e9s en ligne dans des sites web ou d\u2019autres services. Pour cette action de profilage, le consentement des utilisateurs est obligatoire pour que ces cookies soient actifs, il devra donc \u00eatre recueilli au pr\u00e9alable.<\/p><p>Certains de nos sites web incluent les cookies des m\u00e9dias sociaux qui permettent le partage des contenus.<br \/>Nous ne pouvons contr\u00f4ler ces cookies et les donn\u00e9es r\u00e9colt\u00e9es par les m\u00e9dias sociaux. Pour plus d&#8217;informations sur ces cookies, nous vous invitons \u00e0 consulter les politiques de confidentialit\u00e9 propres \u00e0 chacun de ces sites de m\u00e9dias sociaux. Les donn\u00e9es collect\u00e9es par le biais de ces cookies sont exploit\u00e9es par KOKORO lingua, conform\u00e9ment \u00e0 leurs finalit\u00e9s.<span class=\"Apple-converted-space\">\u00a0<\/span><\/p><p><b>Liste des cookies utilis\u00e9s sur kokorolingua.fr<\/b><\/p><p>Nous utilisons le gestionnaire de tags CookieYes afin de g\u00e9rer au mieux le consentement de nos utilisateurs et l\u2019ensemble des cookies associ\u00e9s au site internet kokorolingua.fr, conform\u00e9ment aux recommandations du RGPD.<\/p>\t\t\t\t\t\t\t\t<\/div>\n\t\t\t\t<\/div>\n\t\t\t\t<div class=\"elementor-element elementor-element-4e83bebe elementor-widget elementor-widget-text-editor\" data-id=\"4e83bebe\" data-element_type=\"widget\" data-widget_type=\"text-editor.default\">\n\t\t\t\t<div class=\"elementor-widget-container\">\n\t\t\t\t\t\t\t\t\t<table border=\"0\" width=\"1203\" cellspacing=\"0\" cellpadding=\"0\">\n<colgroup>\n<col width=\"143\">\n<col width=\"241\">\n<col width=\"652\">\n<col width=\"167\"><\/colgroup>\n<tbody>\n<tr>\n<td class=\"xl67\" width=\"143\" height=\"20\">Service<\/td>\n<td class=\"xl67\" width=\"241\">Nom du Cookie<\/td>\n<td class=\"xl67\" width=\"652\">Finalit\u00e9&nbsp;<\/td>\n<td class=\"xl73\" width=\"167\">Dur\u00e9e de conservation&nbsp;<\/td>\n<\/tr>\n<tr>\n<td class=\"xl67\" height=\"36\">Google Analytics<\/td>\n<td class=\"xl65\">_ga_29325P9MHL<\/td>\n<td class=\"xl71\" width=\"652\">Utilis\u00e9 par Google Analytics pour enregistrer un identifiant unique utilis\u00e9 pour g\u00e9n\u00e9rer des donn\u00e9es statistiques sur la fa\u00e7on dont le visiteur utilise le site<\/td>\n<td class=\"xl66\">13 mois<\/td>\n<\/tr>\n<tr>\n<td class=\"xl67\" height=\"36\">Google Analytics<\/td>\n<td class=\"xl65\">_ga<\/td>\n<td class=\"xl71\" width=\"652\">Utilis\u00e9 par Google Analytics pour recueillir des donn\u00e9es sur le nombre de fois qu&#8217;un utilisateur a visit\u00e9 le site web ainsi que les dates de la premi\u00e8re et de la plus r\u00e9cente visite<\/td>\n<td class=\"xl66\">13 mois<\/td>\n<\/tr>\n<tr>\n<td class=\"xl67\" height=\"20\">Google Tag Manager<\/td>\n<td class=\"xl65\">_gcl_au<\/td>\n<td class=\"xl71\" width=\"652\">Utilis\u00e9 par Google AdSense pour exp\u00e9rimenter l&#8217;efficacit\u00e9 de la publicit\u00e9 sur de divers sites Web en utilisant leurs services.<\/td>\n<td class=\"xl66\">3 mois<\/td>\n<\/tr>\n<tr>\n<td class=\"xl67\" height=\"20\">YouTube<\/td>\n<td class=\"xl65\">VISITOR_INFO1_LIVE<\/td>\n<td class=\"xl71\" width=\"652\">Utilis\u00e9 par YouTube pour tenter d\u2019estimer la bande passante des utilisateurs sur des pages avec des vid\u00e9os YouTube int\u00e9gr\u00e9es.<\/td>\n<td class=\"xl66\">179 jours<\/td>\n<\/tr>\n<tr>\n<td class=\"xl67\" height=\"36\">YouTube<\/td>\n<td class=\"xl65\">YSC<\/td>\n<td class=\"xl71\" width=\"652\">Utilis\u00e9 par YouTube pour enregistrer un identifiant unique pour conserver des statistiques sur les vid\u00e9os de YouTube vues par l\u2019utilisateur.<\/td>\n<td class=\"xl66\">Session&nbsp;<\/td>\n<\/tr>\n<tr>\n<td class=\"xl67\" height=\"33\">Serveur PHP<\/td>\n<td class=\"xl65\">PHPSESSID<\/td>\n<td class=\"xl71\" width=\"652\">Utilis\u00e9 pour conserver les informations relatives \u00e0 la session de l&#8217;utilisateur sur toutes les pages du site<\/td>\n<td class=\"xl66\">Session&nbsp;<\/td>\n<\/tr>\n<tr>\n<td class=\"xl67\" height=\"20\">Cloudflare<\/td>\n<td class=\"xl65\">__cflb<\/td>\n<td class=\"xl71\" width=\"652\">Utilis\u00e9 par Cloudflare pour r\u00e9partir des charges des serveurs et am\u00e9liorer l&#8217;exp\u00e9rience utilsiateur&nbsp;<\/td>\n<td class=\"xl66\">Session&nbsp;<\/td>\n<\/tr>\n<tr>\n<td class=\"xl67\" height=\"36\">Cloudflare<\/td>\n<td class=\"xl65\">_<span class=\"font5\">_cfduid<\/span><\/td>\n<td class=\"xl71\" width=\"652\">utilis\u00e9 par Cloudflare pour identifier votre adresse IP de mani\u00e8re anonymis\u00e9e pour permettre d\u2019appliquer des param\u00e9trages de s\u00e9curit\u00e9 adapt\u00e9s.<\/td>\n<td class=\"xl66\">30 jours&nbsp;<\/td>\n<\/tr>\n<tr>\n<td class=\"xl67\" height=\"36\">Facebook&nbsp;<\/td>\n<td class=\"xl65\">_fbp<\/td>\n<td class=\"xl71\" width=\"652\">Ce cookie, cr\u00e9\u00e9 par Facebook, permet de proposer aux visiteurs de notre site internet des publicit\u00e9s cibl\u00e9es de nos produits sur leur plateforme.<\/td>\n<td class=\"xl66\">3 mois<\/td>\n<\/tr>\n<tr>\n<td class=\"xl68\" height=\"36\">Facebook&nbsp;<\/td>\n<td class=\"xl74\">fr<\/td>\n<td class=\"xl71\" width=\"652\">Utilis\u00e9 par Facebook pour fournir une s\u00e9rie de produits publicitaires comme le real-time bidding (ench\u00e8res en temps r\u00e9el) de publicitaires tiers.<\/td>\n<td class=\"xl66\">3 mois<\/td>\n<\/tr>\n<tr>\n<td class=\"xl68\" height=\"20\">Google Ads<\/td>\n<td class=\"xl69\">test_cookie<\/td>\n<td class=\"xl71\" width=\"652\">Utilis\u00e9 pour v\u00e9rifier si le navigateur de l&#8217;utilisateur prend en charge les cookies.<\/td>\n<td class=\"xl70\">1 jour<\/td>\n<\/tr>\n<tr>\n<td class=\"xl67\" height=\"20\">CookieYes<\/td>\n<td class=\"xl65\">cookielawinfo-checkbox-functional<\/td>\n<td class=\"xl71\" width=\"652\">Utilis\u00e9 pour enregistrer le consentement de l&#8217;utilisateur pour les cookies de la cat\u00e9gorie &#8220;fonctionnels&#8221;&nbsp;<\/td>\n<td class=\"xl70\">6 mois&nbsp;<\/td>\n<\/tr>\n<tr>\n<td class=\"xl67\" height=\"20\">CookieYes<\/td>\n<td class=\"xl65\">cookielawinfo-checkbox-others<\/td>\n<td class=\"xl71\" width=\"652\">Utilis\u00e9 pour enregistrer le consentement de l&#8217;utilisateur pour les cookies de la cat\u00e9gorie &#8220;autres&#8221;&nbsp;<\/td>\n<td class=\"xl70\">6 mois&nbsp;<\/td>\n<\/tr>\n<tr>\n<td class=\"xl67\" height=\"20\">Yahoo<\/td>\n<td class=\"xl75\">BX<\/td>\n<td class=\"xl71\" width=\"652\">&nbsp;<\/td>\n<td class=\"xl66\">13 mois<\/td>\n<\/tr>\n<tr>\n<td class=\"xl67\" height=\"20\">CookieYes<\/td>\n<td class=\"xl75\">CONSENT<\/td>\n<td class=\"xl71\" width=\"652\">&nbsp;<\/td>\n<td class=\"xl70\">&nbsp;6 mois<\/td>\n<\/tr>\n<tr>\n<td class=\"xl67\" height=\"36\">CookieYes<\/td>\n<td class=\"xl65\">viewed_cookie_policy<\/td>\n<td class=\"xl71\" width=\"652\">Cookie install\u00e9 par le syst\u00e8me GDPR cookie consent pour enregistrer si l\u2019internaute a accept\u00e9 ou pas l\u2019utilisation des cookies durant sa session. Il ne collecte aucune donn\u00e9e personnelle.<\/td>\n<td class=\"xl70\">6 mois&nbsp;<\/td>\n<\/tr>\n<tr>\n<td class=\"xl67\" height=\"36\">CookieYes<\/td>\n<td class=\"xl65\">cookielawinfo-checkbox-necessary<\/td>\n<td class=\"xl71\" width=\"652\">Cookie install\u00e9 par le syst\u00e8me GDPR cookie consent pour enregistrer le consentement des cookies dans la cat\u00e9gorie \u00abN\u00e9cessaire \u00bb.<\/td>\n<td class=\"xl70\">6 mois&nbsp;<\/td>\n<\/tr>\n<tr>\n<td class=\"xl67\" height=\"36\">CookieYes<\/td>\n<td class=\"xl65\">cookielawinfo-checkbox-performance<\/td>\n<td class=\"xl71\" width=\"652\">Cookie install\u00e9 par le syst\u00e8me GDPR cookie consent pour enregistrer le consentement des cookies dans la cat\u00e9gorie \u00ab&nbsp;Performance&nbsp;\u00bb.<\/td>\n<td class=\"xl70\">6 mois&nbsp;<\/td>\n<\/tr>\n<tr>\n<td class=\"xl67\" height=\"20\">CookieYes<\/td>\n<td class=\"xl65\">cookielawinfo-checkbox-analytics<\/td>\n<td class=\"xl71\" width=\"652\">Cookie install\u00e9 par le syst\u00e8me GDPR cookie consent pour enregistrer le consentement des cookies dans la cat\u00e9gorie \u00ab&nbsp;Analyse&nbsp;\u00bb.<\/td>\n<td class=\"xl70\">6 mois&nbsp;<\/td>\n<\/tr>\n<tr>\n<td class=\"xl67\" height=\"36\">CookieYes<\/td>\n<td class=\"xl65\">cookielawinfo-checkbox-advertisement<\/td>\n<td class=\"xl71\" width=\"652\">Cookie install\u00e9 par le syst\u00e8me GDPR cookie consent pour enregistrer le consentement des cookies dans la cat\u00e9gorie \u00ab&nbsp;Publicitaires&nbsp;\u00bb.<\/td>\n<td class=\"xl70\">6 mois&nbsp;<\/td>\n<\/tr>\n<tr>\n<td class=\"xl67\" height=\"20\">Yahoo&nbsp;<\/td>\n<td class=\"xl75\">B<\/td>\n<td class=\"xl72\" width=\"652\">Utilis\u00e9 par Yahoo&nbsp; pour fournir des publicit\u00e9s, des contenus ou des analyses<\/td>\n<td class=\"xl66\">13 mois<\/td>\n<\/tr>\n<\/tbody>\n<\/table>\t\t\t\t\t\t\t\t<\/div>\n\t\t\t\t<\/div>\n\t\t\t\t\t<\/div>\n\t\t<\/div>\n\t\t\t\t\t<\/div>\n\t\t<\/section>\n\t\t\t\t<section class=\"elementor-section elementor-top-section elementor-element elementor-element-1253dc20 elementor-section-boxed elementor-section-height-default elementor-section-height-default\" data-id=\"1253dc20\" data-element_type=\"section\">\n\t\t\t\t\t\t<div class=\"elementor-container elementor-column-gap-default\">\n\t\t\t\t\t<div class=\"elementor-column elementor-col-100 elementor-top-column elementor-element elementor-element-57c282fa\" data-id=\"57c282fa\" data-element_type=\"column\">\n\t\t\t<div class=\"elementor-widget-wrap elementor-element-populated\">\n\t\t\t\t\t\t<div class=\"elementor-element elementor-element-1b82e7fd elementor-widget elementor-widget-text-editor\" data-id=\"1b82e7fd\" data-element_type=\"widget\" data-widget_type=\"text-editor.default\">\n\t\t\t\t<div class=\"elementor-widget-container\">\n\t\t\t\t\t\t\t\t\t<p><b>G\u00e9rer les cookies depuis votre navigateur<\/b><\/p>\n<p>KOKORO lingua vous permet de param\u00e9trer les cookies d\u00e9pos\u00e9s sur ce site via l\u2019interface accessible directement dans le bandeau cookie.&nbsp;<\/p>\n<p>Nous vous informons que vous que vous pouvez \u00e9galement param\u00e9trer la gestion des cookies en configurant votre navigateur. La configuration de chaque navigateur est diff\u00e9rente. Vous pouvez conna\u00eetre la mani\u00e8re de modifier vos souhaits en mati\u00e8re de cookies en consultant l\u2019aide en ligne :<\/p>\n<ul>\n<li>Pour Internet Explorer&nbsp; (<a href=\"https:\/\/support.microsoft.com\/fr-fr\/help\/17442\/windows-internet-explorer-delete-manage-cookies\">https:\/\/support.microsoft.com\/fr-fr\/help\/17442\/windows-internet-explorer-delete-manage-cookies<\/a>)<\/li>\n<li>Pour Safari (<a href=\"https:\/\/support.apple.com\/fr-fr\/guide\/safari\/sfri11471\/mac\">https:\/\/support.apple.com\/fr-fr\/guide\/safari\/sfri11471\/mac<\/a>)<\/li>\n<li>Pour Chrome (<a href=\"https:\/\/support.google.com\/chrome\/answer\/95647?hl=fr&amp;hlrm=en\">https:\/\/support.google.com\/chrome\/answer\/95647?hl=fr&amp;hlrm=en<\/a>)<\/li>\n<li>Pour Firefox (<a href=\"https:\/\/support.mozilla.org\/fr\/kb\/protection-renforcee-contre-pistage-firefox-ordinateur?redirectslug=Activer+et+d%25C3%25A9sactiver+les+cookies&amp;redirectlocale=fr\">https:\/\/support.mozilla.org\/fr\/kb\/protection-renforcee-contre-pistage-firefox-ordinateur?redirectslug=Activer+et+d%C3%A9sactiver+les+cookies&amp;redirectlocale=fr<\/a>)<\/li>\n<li>Pour Op\u00e9ra (<a href=\"https:\/\/help.opera.com\/en\/latest\/web-preferences\/#cookies\">https:\/\/help.opera.com\/en\/latest\/web-preferences\/#cookies<\/a>)<\/li>\n<\/ul>\n<p>KOKORO lingua se r\u00e9serve le droit de mettre \u00e0 jour ou modifier \u00e0 tout moment sa politique en mati\u00e8re de cookies. En cons\u00e9quence, nous vous invitons \u00e0 consulter cette politique r\u00e9guli\u00e8rement.<\/p>\t\t\t\t\t\t\t\t<\/div>\n\t\t\t\t<\/div>\n\t\t\t\t\t<\/div>\n\t\t<\/div>\n\t\t\t\t\t<\/div>\n\t\t<\/section>\n\t\t\t\t<\/div>\n\t\t","protected":false},"excerpt":{"rendered":"<p>Politique de gestion des cookies Vous pouvez consulter notre politique de confidentialit\u00e9, qui pr\u00e9sente la mani\u00e8re dont nous traitons les donn\u00e9es personnelles que nous recueillons et que vous nous fournissez\u00a0: Politique de confidentialit\u00e9. Nous vous invitons \u00e0 lire attentivement cette politique ainsi que les informations ci-apr\u00e8s pour comprendre nos pratiques quant aux traitements de vos [&hellip;]<\/p>\n","protected":false},"author":1,"featured_media":0,"parent":0,"menu_order":0,"comment_status":"closed","ping_status":"closed","template":"elementor_header_footer","meta":{"footnotes":""},"class_list":["post-1185","page","type-page","status-publish","hentry"],"_links":{"self":[{"href":"https:\/\/institut.kokorolingua.fr\/ko\/wp-json\/wp\/v2\/pages\/1185","targetHints":{"allow":["GET"]}}],"collection":[{"href":"https:\/\/institut.kokorolingua.fr\/ko\/wp-json\/wp\/v2\/pages"}],"about":[{"href":"https:\/\/institut.kokorolingua.fr\/ko\/wp-json\/wp\/v2\/types\/page"}],"author":[{"embeddable":true,"href":"https:\/\/institut.kokorolingua.fr\/ko\/wp-json\/wp\/v2\/users\/1"}],"replies":[{"embeddable":true,"href":"https:\/\/institut.kokorolingua.fr\/ko\/wp-json\/wp\/v2\/comments?post=1185"}],"version-history":[{"count":1,"href":"https:\/\/institut.kokorolingua.fr\/ko\/wp-json\/wp\/v2\/pages\/1185\/revisions"}],"predecessor-version":[{"id":1197,"href":"https:\/\/institut.kokorolingua.fr\/ko\/wp-json\/wp\/v2\/pages\/1185\/revisions\/1197"}],"wp:attachment":[{"href":"https:\/\/institut.kokorolingua.fr\/ko\/wp-json\/wp\/v2\/media?parent=1185"}],"curies":[{"name":"wp","href":"https:\/\/api.w.org\/{rel}","templated":true}]}}