{"id":1184,"date":"2024-12-18T10:37:14","date_gmt":"2024-12-18T09:37:14","guid":{"rendered":"https:\/\/institut.kokorolingua.fr\/politique-de-confidentialite\/"},"modified":"2025-02-05T10:39:23","modified_gmt":"2025-02-05T09:39:23","slug":"politique-de-confidentialite","status":"publish","type":"page","link":"https:\/\/institut.kokorolingua.fr\/ko\/politique-de-confidentialite\/","title":{"rendered":"Politique de confidentialit\u00e9"},"content":{"rendered":"\t\t<div data-elementor-type=\"wp-page\" data-elementor-id=\"1184\" class=\"elementor elementor-1184 elementor-939\" data-elementor-post-type=\"page\">\n\t\t\t\t\t\t<section class=\"elementor-section elementor-top-section elementor-element elementor-element-f11bc02 elementor-section-boxed elementor-section-height-default elementor-section-height-default\" data-id=\"f11bc02\" data-element_type=\"section\">\n\t\t\t\t\t\t<div class=\"elementor-container elementor-column-gap-default\">\n\t\t\t\t\t<div class=\"elementor-column elementor-col-100 elementor-top-column elementor-element elementor-element-1001edfd\" data-id=\"1001edfd\" data-element_type=\"column\">\n\t\t\t<div class=\"elementor-widget-wrap elementor-element-populated\">\n\t\t\t\t\t\t<section class=\"elementor-section elementor-inner-section elementor-element elementor-element-3d55e31a elementor-section-boxed elementor-section-height-default elementor-section-height-default\" data-id=\"3d55e31a\" data-element_type=\"section\">\n\t\t\t\t\t\t<div class=\"elementor-container elementor-column-gap-default\">\n\t\t\t\t\t<div class=\"elementor-column elementor-col-100 elementor-inner-column elementor-element elementor-element-2fd4359e\" data-id=\"2fd4359e\" data-element_type=\"column\">\n\t\t\t<div class=\"elementor-widget-wrap elementor-element-populated\">\n\t\t\t\t\t\t<div class=\"elementor-element elementor-element-3b9308f8 elementor-widget elementor-widget-heading\" data-id=\"3b9308f8\" data-element_type=\"widget\" data-widget_type=\"heading.default\">\n\t\t\t\t<div class=\"elementor-widget-container\">\n\t\t\t\t\t<h2 class=\"elementor-heading-title elementor-size-default\">POLITIQUE DE CONFIDENTIALIT\u00c9\n<\/h2>\t\t\t\t<\/div>\n\t\t\t\t<\/div>\n\t\t\t\t\t<\/div>\n\t\t<\/div>\n\t\t\t\t\t<\/div>\n\t\t<\/section>\n\t\t\t\t<div class=\"elementor-element elementor-element-396fe1e8 elementor-widget elementor-widget-text-editor\" data-id=\"396fe1e8\" data-element_type=\"widget\" data-widget_type=\"text-editor.default\">\n\t\t\t\t<div class=\"elementor-widget-container\">\n\t\t\t\t\t\t\t\t\t<p>Conform\u00e9ment au R\u00e8glement G\u00e9n\u00e9ral sur la Protection des Donn\u00e9es (ci-apr\u00e8s, le \u00ab\u00a0RGPD\u00a0\u00bb), KOKORO lingua vous informe qu\u2019elle place la protection des donn\u00e9es \u00e0 caract\u00e8re personnel au c\u0153ur de ses missions et des services qui vous sont propos\u00e9s.<\/p><p>La pr\u00e9sente Politique \u00e9nonce les principes et lignes directrices pour la protection des Donn\u00e9es Personnelles pour les utilisateurs du site internet kokorolingua.fr<\/p>\t\t\t\t\t\t\t\t<\/div>\n\t\t\t\t<\/div>\n\t\t\t\t<div class=\"elementor-element elementor-element-3e518b94 elementor-widget elementor-widget-text-editor\" data-id=\"3e518b94\" data-element_type=\"widget\" data-widget_type=\"text-editor.default\">\n\t\t\t\t<div class=\"elementor-widget-container\">\n\t\t\t\t\t\t\t\t\t<p><b>Responsable de traitement<\/b><\/p><p>Vos donn\u00e9es sont trait\u00e9es par KOKORO lingua, Soci\u00e9t\u00e9 Anonyme au Capital de 100 000 Euros, dont le si\u00e8ge social est Espace de l&#8217;Europe 2, 2000 Neuch\u00e2tel, Suisse, pr\u00e9sid\u00e9e par Madame Nathalie Lesselin et ayant pour Num\u00e9ro Unique d\u2019Identification IDE CHE-214.218.598 (RC de Neuch\u00e2tel).<\/p><p><b>Finalit\u00e9 du traitement<\/b><\/p><p>La finalit\u00e9 principale du traitement de donn\u00e9es r\u00e9alis\u00e9 sur le site kokorolingua.fr est la communication des offres que proposent KOKORO lingua et la r\u00e9alisation de campagnes de communication.\u00a0 Les traitements de donn\u00e9es \u00e0 caract\u00e8re personnel r\u00e9alis\u00e9s via le site kokorolingua.fr concernent l\u2019instruction des formulaires de contact mis \u00e0 votre disposition. Ces formulaires sont au nombre de trois\u00a0:<\/p><ul><li>Un formulaire de contact \u00e0 destination des clients et non clients accessible sur l&#8217;ensemble des pages.<span class=\"Apple-converted-space\">\u00a0<\/span><\/li><li>Un formulaire de contact \u00e0 destination des enseignants et accessible depuis la page https:\/\/kokorolingua.fr\/anglais\/en-classe\/<\/li><li>Un formulaire de contact \u00e0 destination des partenaires et accessible depuis la page https:\/\/kokorolingua.fr\/affiliation\/<\/li><\/ul><p>Les donn\u00e9es r\u00e9colt\u00e9es par les formulaires de contact seront aussi utilis\u00e9es pour alimenter la liste de diffusion de la newsletter et ainsi faire la promotion des diff\u00e9rentes solutions et services de KOKORO lingua.<\/p><p>D\u2019autre part, il est possible pour les utilisateurs de nous transmettre leurs curriculum vitae (ci-apr\u00e8s, le \u00ab\u00a0CV\u00a0\u00bb) pour postuler aux offres d\u2019emplois publi\u00e9es sur le site web ou de transmettre leurs CV de mani\u00e8re spontan\u00e9e.<\/p><p><b>Base juridique du traitement de donn\u00e9es<\/b><\/p><p>Les bases l\u00e9gales des traitements de donn\u00e9es \u00e0 caract\u00e8re personnel r\u00e9alis\u00e9s sur le site web sont les suivantes\u00a0:<\/p><ul><li>Pour les formulaires de contact client et non clients, enseignants et partenaires, la base l\u00e9gale pour le traitement des donn\u00e9es \u00e0 caract\u00e8re personnel que vous nous communiquez est le consentement.<\/li><li>Pour la rubrique \u00ab\u00a0Carri\u00e8re\u00a0\u00bb, la base l\u00e9gale pour le traitement des donn\u00e9es \u00e0 caract\u00e8re personnel que vous nous communiquez est le consentement<\/li><li>Pour l\u2019envoi de newsletter par courriel, la base l\u00e9gale pour le traitement des donn\u00e9es \u00e0 caract\u00e8re personnel que vous nous communiquez est le consentement.<\/li><\/ul><p>Un dispositif de collecte de consentement tra\u00e7able est mis en place pour tous ces traitements.<\/p><p><b>Destinataires ou cat\u00e9gories de destinataires des donn\u00e9es<\/b><\/p><p>Au regard des finalit\u00e9s poursuivies par ces traitements, les donn\u00e9es collect\u00e9es et enregistr\u00e9es sur le site kokorolingua.fr<span class=\"Apple-converted-space\">\u00a0 <\/span>sont destin\u00e9es exclusivement \u00e0 l&#8217;\u00e9quipe de KOKORO lingua en charge de la gestion du site web.<\/p><p>De fa\u00e7on plus d\u00e9taill\u00e9e, les destinataires des donn\u00e9es g\u00e9n\u00e9r\u00e9es et collect\u00e9es sont\u00a0:<\/p><ul><li>Dans le cadre des donn\u00e9es collect\u00e9es via les formulaires de contact clients et non clients\/enseignants \/partenaires, l\u2019administrateur du site web est la seule personne \u00e0 recevoir les donn\u00e9es. Ces donn\u00e9es pourront ensuite \u00eatre r\u00e9utilis\u00e9es par les \u00e9quipes marketing de KOKORO lingua.<\/li><li>Dans le cadre des donn\u00e9es collect\u00e9es via la rubrique carri\u00e8re, la responsable des ressources humaines est la seule \u00e0 recevoir ces donn\u00e9es. Ces donn\u00e9es pourront, si n\u00e9cessaire, \u00eatre r\u00e9utilis\u00e9es par le p\u00f4le ressources humaines de KOKORO lingua.<\/li><\/ul><p><b>\u00a0<\/b><\/p><p><b>Dur\u00e9e de conservation des donn\u00e9es<\/b><\/p><p>Les donn\u00e9es personnelles des utilisateurs du site web sont conserv\u00e9es, en base d\u2019archive active (ci-apr\u00e8s \u00ab\u00a0la Base active\u00a0\u00bb), pendant une dur\u00e9e proportionnelle \u00e0 la finalit\u00e9 pour laquelle elles ont \u00e9t\u00e9 collect\u00e9es. Les dur\u00e9es de conservation des donn\u00e9es sur les diff\u00e9rents traitements sont d\u00e9finies ci-apr\u00e8s\u00a0:<\/p><ul><li>Pour les formulaires de contact clients et non clients\/ enseignants\/ partenaires, vos donn\u00e9es sont conserv\u00e9es tant que la personne concern\u00e9e ne se d\u00e9sinscrit pas (via le lien de d\u00e9sinscription int\u00e9gr\u00e9 aux communications)<\/li><li>Pour les r\u00e9ponses aux offres d\u2019emploi et les candidatures spontan\u00e9es, vos donn\u00e9es sont conserv\u00e9es pour une dur\u00e9e de deux (2) ans \u00e0 compter de la derni\u00e8re activit\u00e9.<\/li><li>Pour l\u2019envoi de newsletter par courriel, vos donn\u00e9es sont conserv\u00e9es tant que la personne concern\u00e9e ne se d\u00e9sinscrit pas (via le lien de d\u00e9sinscription int\u00e9gr\u00e9 aux newsletters).<span class=\"Apple-converted-space\">\u00a0<\/span><\/li><\/ul><p><b>\u00a0<\/b><\/p><p><b>Droit des personnes concern\u00e9es<\/b><\/p><p>La base l\u00e9gale du traitement r\u00e9alis\u00e9 par KOKORO lingua repose sur le consentement des utilisateurs ce qui est susceptible d\u2019affecter les droits et libert\u00e9s. Au regard de cette base l\u00e9gale de traitement, nous vous rappelons que vous pouvez exercer les droits suivants, en vertu de la l\u00e9gislation europ\u00e9enne sur la protection des donn\u00e9es\u00a0:<\/p><ul><li><b>Droit d\u2019acc\u00e8s\u00a0<\/b>: vous avez le droit, sans justification pr\u00e9alable, de demander directement \u00e0 KOKORO lingua d\u2019acc\u00e9der aux donn\u00e9es personnelles qui vous concernent.<\/li><li><b>Droit \u00e0 la rectification de vos donn\u00e9es personnelles<\/b>: en cas de traitement de vos donn\u00e9es personnelles, KOKORO lingua met en \u0153uvre des mesures appropri\u00e9es pour garantir l\u2019exactitude de vos donn\u00e9es et leur mise \u00e0 jour pour les finalit\u00e9s auxquelles elles ont \u00e9t\u00e9 collect\u00e9es. Si vos donn\u00e9es personnelles sont inexactes ou incompl\u00e8tes, vous avez le droit d\u2019obtenir leur rectification\u00a0;<\/li><li><b>Droit \u00e0 l\u2019effacement de vos donn\u00e9es personnelles<\/b>: vous avez le droit de demander, dans certaines situations particuli\u00e8res que des donn\u00e9es personnelles vous concernant soient effac\u00e9es. Ce droit \u00e0 l\u2019effacement peut notamment \u00eatre exerc\u00e9 les personnes concern\u00e9es \u00a0lorsque\u00a0:<ul><li>Vos donn\u00e9es sont utilis\u00e9es \u00e0 des fins de prospection<\/li><li>Vos donn\u00e9es ne sont plus n\u00e9cessaires au regard des objectifs pour lesquelles elles ont \u00e9t\u00e9 initialement collect\u00e9es ou trait\u00e9es.<\/li><li>Vous retirez votre consentement \u00e0 l\u2019utilisation de vos donn\u00e9es<\/li><li>Vos donn\u00e9es font l\u2019objet d\u2019un traitement illicite<\/li><li>Vos donn\u00e9es doivent \u00eatre effac\u00e9es pour respecter une obligation l\u00e9gale<\/li><\/ul><\/li><li><b>Droit \u00e0 la portabilit\u00e9<\/b>: vous disposez de la possibilit\u00e9 de r\u00e9cup\u00e9rer une partie de vos donn\u00e9es personnelles sous format ouvert et lisible pour une r\u00e9utilisation \u00e0 des fins personnelles.<\/li><li><b>Droit d\u2019opposition ou droit au retrait du consentement<\/b>: Vous avez le droit, \u00e0 tout moment, de vous opposer \u00e0 ce que vos donn\u00e9es fassent l\u2019objet d\u2019un traitement. Cependant, ce droit d\u2019opposition n\u2019est pas un droit \u00e0 la suppression simple et d\u00e9finitive de toutes les donn\u00e9es vous concernant. Ainsi, la demande d\u2019opposition ne sera pas satisfaite si\u00a0:<ul><li>Il existe un ou des motifs l\u00e9gitimes et imp\u00e9rieux qui impose(nt) de continuer \u00e0 traiter vos donn\u00e9es<\/li><li>Vos donn\u00e9es sont n\u00e9cessaires pour la constatation, l\u2019exercice ou la d\u00e9fense des droits en justice<\/li><li>Une obligation l\u00e9gale impose de conserver vos donn\u00e9es<\/li><\/ul><\/li><\/ul><p>Pour toutes demandes relatives \u00e0 l\u2019exercice de vos droits, vous pouvez contacter KOKORO lingua \u00e0 l\u2019adresse suivante\u00a0:\u00a0<a href=\"mailto:direction@kokorolingua.com\">direction@kokorolingua.com<\/a><\/p><p><b style=\"color: var( --e-global-color-text ); font-size: 1rem;\">Contact et d\u00e9l\u00e9gu\u00e9 \u00e0 la protection des donn\u00e9es<\/b><\/p><p>La d\u00e9signation d\u2019un D\u00e9l\u00e9gu\u00e9 \u00e0 la Protection des Donn\u00e9es t\u00e9moigne de l\u2019attachement de KOKORO lingua \u00e0 la protection, la s\u00e9curit\u00e9 et la confidentialit\u00e9 des Donn\u00e9es Personnelles de ses clients.<\/p><p>Si vous avez des questions concernant la pr\u00e9sente politique de confidentialit\u00e9 et les activit\u00e9s de traitement des donn\u00e9es mises en \u0153uvre par KOKORO lingua, ou si vous souhaitez exercer l\u2019un de vos droits en vertu du RGPD, veuillez contacter\u00a0:<\/p><p><b>Par courrier\u00a0:<\/b><\/p><p>KOKORO lingua SA<\/p><p>Rue de la Pierre-\u00e0-Mazel 39<\/p><p>c\/ Microcity SA<\/p><p>2000 Neuch\u00e2tel &#8211; Suisse<\/p><p><b>Par courriel\u00a0:<\/b><\/p><p><a href=\"mailto:direction@kokorolingua.com\">direction@kokorolingua.com<\/a><\/p>\t\t\t\t\t\t\t\t<\/div>\n\t\t\t\t<\/div>\n\t\t\t\t\t<\/div>\n\t\t<\/div>\n\t\t\t\t\t<\/div>\n\t\t<\/section>\n\t\t\t\t<\/div>\n\t\t","protected":false},"excerpt":{"rendered":"<p>POLITIQUE DE CONFIDENTIALIT\u00c9 Conform\u00e9ment au R\u00e8glement G\u00e9n\u00e9ral sur la Protection des Donn\u00e9es (ci-apr\u00e8s, le \u00ab\u00a0RGPD\u00a0\u00bb), KOKORO lingua vous informe qu\u2019elle place la protection des donn\u00e9es \u00e0 caract\u00e8re personnel au c\u0153ur de ses missions et des services qui vous sont propos\u00e9s. La pr\u00e9sente Politique \u00e9nonce les principes et lignes directrices pour la protection des Donn\u00e9es Personnelles [&hellip;]<\/p>\n","protected":false},"author":1,"featured_media":0,"parent":0,"menu_order":0,"comment_status":"closed","ping_status":"closed","template":"elementor_header_footer","meta":{"footnotes":""},"class_list":["post-1184","page","type-page","status-publish","hentry"],"_links":{"self":[{"href":"https:\/\/institut.kokorolingua.fr\/ko\/wp-json\/wp\/v2\/pages\/1184","targetHints":{"allow":["GET"]}}],"collection":[{"href":"https:\/\/institut.kokorolingua.fr\/ko\/wp-json\/wp\/v2\/pages"}],"about":[{"href":"https:\/\/institut.kokorolingua.fr\/ko\/wp-json\/wp\/v2\/types\/page"}],"author":[{"embeddable":true,"href":"https:\/\/institut.kokorolingua.fr\/ko\/wp-json\/wp\/v2\/users\/1"}],"replies":[{"embeddable":true,"href":"https:\/\/institut.kokorolingua.fr\/ko\/wp-json\/wp\/v2\/comments?post=1184"}],"version-history":[{"count":1,"href":"https:\/\/institut.kokorolingua.fr\/ko\/wp-json\/wp\/v2\/pages\/1184\/revisions"}],"predecessor-version":[{"id":1196,"href":"https:\/\/institut.kokorolingua.fr\/ko\/wp-json\/wp\/v2\/pages\/1184\/revisions\/1196"}],"wp:attachment":[{"href":"https:\/\/institut.kokorolingua.fr\/ko\/wp-json\/wp\/v2\/media?parent=1184"}],"curies":[{"name":"wp","href":"https:\/\/api.w.org\/{rel}","templated":true}]}}