{"id":1180,"date":"2024-12-18T10:33:01","date_gmt":"2024-12-18T09:33:01","guid":{"rendered":"https:\/\/institut.kokorolingua.fr\/mentions-legales\/"},"modified":"2025-02-05T10:39:01","modified_gmt":"2025-02-05T09:39:01","slug":"mentions-legales","status":"publish","type":"page","link":"https:\/\/institut.kokorolingua.fr\/ko\/mentions-legales\/","title":{"rendered":"Mentions l\u00e9gales"},"content":{"rendered":"\t\t<div data-elementor-type=\"wp-page\" data-elementor-id=\"1180\" class=\"elementor elementor-1180 elementor-929\" data-elementor-post-type=\"page\">\n\t\t\t\t\t\t<section class=\"elementor-section elementor-top-section elementor-element elementor-element-4a01c6eb elementor-section-boxed elementor-section-height-default elementor-section-height-default\" data-id=\"4a01c6eb\" data-element_type=\"section\">\n\t\t\t\t\t\t<div class=\"elementor-container elementor-column-gap-default\">\n\t\t\t\t\t<div class=\"elementor-column elementor-col-100 elementor-top-column elementor-element elementor-element-7349a9d6\" data-id=\"7349a9d6\" data-element_type=\"column\">\n\t\t\t<div class=\"elementor-widget-wrap elementor-element-populated\">\n\t\t\t\t\t\t<section class=\"elementor-section elementor-inner-section elementor-element elementor-element-59e0b5da elementor-section-boxed elementor-section-height-default elementor-section-height-default\" data-id=\"59e0b5da\" data-element_type=\"section\">\n\t\t\t\t\t\t<div class=\"elementor-container elementor-column-gap-default\">\n\t\t\t\t\t<div class=\"elementor-column elementor-col-100 elementor-inner-column elementor-element elementor-element-45c81643\" data-id=\"45c81643\" data-element_type=\"column\">\n\t\t\t<div class=\"elementor-widget-wrap elementor-element-populated\">\n\t\t\t\t\t\t<div class=\"elementor-element elementor-element-48b50e0e elementor-widget elementor-widget-heading\" data-id=\"48b50e0e\" data-element_type=\"widget\" data-widget_type=\"heading.default\">\n\t\t\t\t<div class=\"elementor-widget-container\">\n\t\t\t\t\t<h2 class=\"elementor-heading-title elementor-size-default\">Mentions l\u00e9gales<\/h2>\t\t\t\t<\/div>\n\t\t\t\t<\/div>\n\t\t\t\t\t<\/div>\n\t\t<\/div>\n\t\t\t\t\t<\/div>\n\t\t<\/section>\n\t\t\t\t<section class=\"elementor-section elementor-inner-section elementor-element elementor-element-49c17030 elementor-section-boxed elementor-section-height-default elementor-section-height-default\" data-id=\"49c17030\" data-element_type=\"section\">\n\t\t\t\t\t\t<div class=\"elementor-container elementor-column-gap-default\">\n\t\t\t\t\t<div class=\"elementor-column elementor-col-33 elementor-inner-column elementor-element elementor-element-6f71fa9f\" data-id=\"6f71fa9f\" data-element_type=\"column\" data-settings=\"{&quot;background_background&quot;:&quot;classic&quot;}\">\n\t\t\t<div class=\"elementor-widget-wrap elementor-element-populated\">\n\t\t\t\t\t\t<div class=\"elementor-element elementor-element-66b6d516 elementor-position-top elementor-widget elementor-widget-image-box\" data-id=\"66b6d516\" data-element_type=\"widget\" data-widget_type=\"image-box.default\">\n\t\t\t\t<div class=\"elementor-widget-container\">\n\t\t\t\t\t<div class=\"elementor-image-box-wrapper\"><figure class=\"elementor-image-box-img\"><img fetchpriority=\"high\" decoding=\"async\" width=\"759\" height=\"309\" src=\"https:\/\/institut.kokorolingua.fr\/wp-content\/uploads\/2024\/04\/image-13.png\" class=\"attachment-full size-full wp-image-27\" alt=\"\" srcset=\"https:\/\/institut.kokorolingua.fr\/wp-content\/uploads\/2024\/04\/image-13.png 759w, https:\/\/institut.kokorolingua.fr\/wp-content\/uploads\/2024\/04\/image-13-300x122.png 300w, https:\/\/institut.kokorolingua.fr\/wp-content\/uploads\/2024\/04\/image-13-600x244.png 600w\" sizes=\"(max-width: 759px) 100vw, 759px\" \/><\/figure><div class=\"elementor-image-box-content\"><h3 class=\"elementor-image-box-title\">KOKORO lingua<\/h3><p class=\"elementor-image-box-description\">Editeur<\/p><\/div><\/div>\t\t\t\t<\/div>\n\t\t\t\t<\/div>\n\t\t\t\t<div class=\"elementor-element elementor-element-57824f71 elementor-widget elementor-widget-text-editor\" data-id=\"57824f71\" data-element_type=\"widget\" data-widget_type=\"text-editor.default\">\n\t\t\t\t<div class=\"elementor-widget-container\">\n\t\t\t\t\t\t\t\t\t<p>Association BIG BANG Generation<br \/>Association \u00e0 but non lucratif \u2013 Neuch\u00e2tel, SUISSE<\/p><p>Contact : info@kokorolingua.com<\/p><p>T\u00e9l. : +41 76 690 11 76<\/p><p>Direction de la publication : Nathalie Lesselin<\/p>\t\t\t\t\t\t\t\t<\/div>\n\t\t\t\t<\/div>\n\t\t\t\t\t<\/div>\n\t\t<\/div>\n\t\t\t\t<div class=\"elementor-column elementor-col-33 elementor-inner-column elementor-element elementor-element-7aa53b8f\" data-id=\"7aa53b8f\" data-element_type=\"column\" data-settings=\"{&quot;background_background&quot;:&quot;classic&quot;}\">\n\t\t\t<div class=\"elementor-widget-wrap elementor-element-populated\">\n\t\t\t\t\t\t<div class=\"elementor-element elementor-element-24a6bd2 elementor-position-top elementor-widget elementor-widget-image-box\" data-id=\"24a6bd2\" data-element_type=\"widget\" data-widget_type=\"image-box.default\">\n\t\t\t\t<div class=\"elementor-widget-container\">\n\t\t\t\t\t<div class=\"elementor-image-box-wrapper\"><figure class=\"elementor-image-box-img\"><img decoding=\"async\" width=\"350\" height=\"46\" src=\"https:\/\/institut.kokorolingua.fr\/wp-content\/uploads\/2024\/04\/logo_infomaniak_environnement.png\" class=\"attachment-full size-full wp-image-28\" alt=\"\" srcset=\"https:\/\/institut.kokorolingua.fr\/wp-content\/uploads\/2024\/04\/logo_infomaniak_environnement.png 350w, https:\/\/institut.kokorolingua.fr\/wp-content\/uploads\/2024\/04\/logo_infomaniak_environnement-300x39.png 300w\" sizes=\"(max-width: 350px) 100vw, 350px\" \/><\/figure><div class=\"elementor-image-box-content\"><h3 class=\"elementor-image-box-title\">Infomaniak Network SA<\/h3><p class=\"elementor-image-box-description\">H\u00e9bergeur<\/p><\/div><\/div>\t\t\t\t<\/div>\n\t\t\t\t<\/div>\n\t\t\t\t<div class=\"elementor-element elementor-element-11f2bb85 elementor-widget elementor-widget-text-editor\" data-id=\"11f2bb85\" data-element_type=\"widget\" data-widget_type=\"text-editor.default\">\n\t\t\t\t<div class=\"elementor-widget-container\">\n\t\t\t\t\t\t\t\t\t<p>Avenue de la Praille, 26<\/p><p>1227 Carouge \u2013 Suisse<\/p><p><a href=\"https:\/\/infomaniak.ch\/\">https:\/\/infomaniak.ch<\/a><\/p>\t\t\t\t\t\t\t\t<\/div>\n\t\t\t\t<\/div>\n\t\t\t\t\t<\/div>\n\t\t<\/div>\n\t\t\t\t<div class=\"elementor-column elementor-col-33 elementor-inner-column elementor-element elementor-element-68379315\" data-id=\"68379315\" data-element_type=\"column\" data-settings=\"{&quot;background_background&quot;:&quot;classic&quot;}\">\n\t\t\t<div class=\"elementor-widget-wrap elementor-element-populated\">\n\t\t\t\t\t\t<div class=\"elementor-element elementor-element-d9fe3ee elementor-position-top elementor-widget elementor-widget-image-box\" data-id=\"d9fe3ee\" data-element_type=\"widget\" data-widget_type=\"image-box.default\">\n\t\t\t\t<div class=\"elementor-widget-container\">\n\t\t\t\t\t<div class=\"elementor-image-box-wrapper\"><figure class=\"elementor-image-box-img\"><img decoding=\"async\" width=\"547\" height=\"157\" src=\"https:\/\/institut.kokorolingua.fr\/wp-content\/uploads\/2024\/04\/image-14.png\" class=\"attachment-full size-full wp-image-29\" alt=\"\" srcset=\"https:\/\/institut.kokorolingua.fr\/wp-content\/uploads\/2024\/04\/image-14.png 547w, https:\/\/institut.kokorolingua.fr\/wp-content\/uploads\/2024\/04\/image-14-300x86.png 300w\" sizes=\"(max-width: 547px) 100vw, 547px\" \/><\/figure><div class=\"elementor-image-box-content\"><h3 class=\"elementor-image-box-title\">Annecy web<\/h3><p class=\"elementor-image-box-description\">Webmaster<\/p><\/div><\/div>\t\t\t\t<\/div>\n\t\t\t\t<\/div>\n\t\t\t\t<div class=\"elementor-element elementor-element-4699049d elementor-widget elementor-widget-text-editor\" data-id=\"4699049d\" data-element_type=\"widget\" data-widget_type=\"text-editor.default\">\n\t\t\t\t<div class=\"elementor-widget-container\">\n\t\t\t\t\t\t\t\t\t<a href=\"Https:\/\/annecyweb.fr\" target=\"_blank\">AnnecyWeb.fr<\/a>\n\t\t\t\t\t\t\t\t<\/div>\n\t\t\t\t<\/div>\n\t\t\t\t\t<\/div>\n\t\t<\/div>\n\t\t\t\t\t<\/div>\n\t\t<\/section>\n\t\t\t\t<div class=\"elementor-element elementor-element-1158b65e elementor-widget elementor-widget-text-editor\" data-id=\"1158b65e\" data-element_type=\"widget\" data-widget_type=\"text-editor.default\">\n\t\t\t\t<div class=\"elementor-widget-container\">\n\t\t\t\t\t\t\t\t\t<p>L\u2019acc\u00e8s au site constitue de la part du visiteur acceptation sans r\u00e9serve des \u00e9l\u00e9ments suivants :<\/p><ul><li>le site est la propri\u00e9t\u00e9 exclusive de KOKORO lingua et BIG BANG Generation<\/li><li>l\u2019usage de tout ou partie du site, notamment par t\u00e9l\u00e9chargement, reproduction, transmission ou repr\u00e9sentation, \u00e0 d\u2019autres fins que pour usage personnel et priv\u00e9 dans un but non commercial est strictement interdit<\/li><li>les informations diffus\u00e9es sur le site peuvent \u00eatre modifi\u00e9es, \u00e0 tout moment et sans pr\u00e9avis<\/li><li>le visiteur est inform\u00e9 que l\u2019acc\u00e8s au site pourra \u00eatre interrompu \u00e0 tout moment pour des raisons de maintenance, s\u00e9curit\u00e9 ou toute autre contrainte technique<\/li><\/ul><p>\u00a0<\/p><p><b>Confidentialit\u00e9<\/b><\/p><p>Dans la mesure o\u00f9 le visiteur communique des donn\u00e9es personnelles (via le formulaire de contact, ou l\u2019achat d\u2019un programme), il consent \u00e0 ce que ces donn\u00e9es soient utilis\u00e9es par KOKORO lingua et BIG BANG Generation afin de communiquer avec lui.<\/p><p>Les donn\u00e9es recueillies sur le site internet, sur la fr\u00e9quentation des visiteurs, ne constituent pas des donn\u00e9es personnelles.<\/p><p>\u00a0<\/p>\t\t\t\t\t\t\t\t<\/div>\n\t\t\t\t<\/div>\n\t\t\t\t\t<\/div>\n\t\t<\/div>\n\t\t\t\t\t<\/div>\n\t\t<\/section>\n\t\t\t\t<\/div>\n\t\t","protected":false},"excerpt":{"rendered":"<p>Mentions l\u00e9gales KOKORO lingua Editeur Association BIG BANG Generation Association \u00e0 but non lucratif \u2013 Neuch\u00e2tel, SUISSE Contact : info@kokorolingua.com T\u00e9l. : +41 76 690 11 76 Direction de la publication : Nathalie Lesselin Infomaniak Network SA H\u00e9bergeur Avenue de la Praille, 26 1227 Carouge \u2013 Suisse https:\/\/infomaniak.ch Annecy web Webmaster AnnecyWeb.fr L\u2019acc\u00e8s au site [&hellip;]<\/p>\n","protected":false},"author":1,"featured_media":0,"parent":0,"menu_order":0,"comment_status":"closed","ping_status":"closed","template":"elementor_header_footer","meta":{"footnotes":""},"class_list":["post-1180","page","type-page","status-publish","hentry"],"_links":{"self":[{"href":"https:\/\/institut.kokorolingua.fr\/ko\/wp-json\/wp\/v2\/pages\/1180","targetHints":{"allow":["GET"]}}],"collection":[{"href":"https:\/\/institut.kokorolingua.fr\/ko\/wp-json\/wp\/v2\/pages"}],"about":[{"href":"https:\/\/institut.kokorolingua.fr\/ko\/wp-json\/wp\/v2\/types\/page"}],"author":[{"embeddable":true,"href":"https:\/\/institut.kokorolingua.fr\/ko\/wp-json\/wp\/v2\/users\/1"}],"replies":[{"embeddable":true,"href":"https:\/\/institut.kokorolingua.fr\/ko\/wp-json\/wp\/v2\/comments?post=1180"}],"version-history":[{"count":1,"href":"https:\/\/institut.kokorolingua.fr\/ko\/wp-json\/wp\/v2\/pages\/1180\/revisions"}],"predecessor-version":[{"id":1193,"href":"https:\/\/institut.kokorolingua.fr\/ko\/wp-json\/wp\/v2\/pages\/1180\/revisions\/1193"}],"wp:attachment":[{"href":"https:\/\/institut.kokorolingua.fr\/ko\/wp-json\/wp\/v2\/media?parent=1180"}],"curies":[{"name":"wp","href":"https:\/\/api.w.org\/{rel}","templated":true}]}}