{"id":710,"date":"2024-03-28T11:15:12","date_gmt":"2024-03-28T10:15:12","guid":{"rendered":"https:\/\/institut.kokorolingua.fr\/panier\/"},"modified":"2024-12-19T14:01:30","modified_gmt":"2024-12-19T13:01:30","slug":"panier","status":"publish","type":"page","link":"https:\/\/institut.kokorolingua.fr\/it\/panier\/","title":{"rendered":"Carrello"},"content":{"rendered":"\t\t<div data-elementor-type=\"wp-page\" data-elementor-id=\"710\" class=\"elementor elementor-710 elementor-10\" data-elementor-post-type=\"page\">\n\t\t\t\t\t\t<section class=\"elementor-section elementor-top-section elementor-element elementor-element-74a6948b elementor-section-boxed elementor-section-height-default elementor-section-height-default\" data-id=\"74a6948b\" data-element_type=\"section\">\n\t\t\t\t\t\t<div class=\"elementor-container elementor-column-gap-default\">\n\t\t\t\t\t<div class=\"elementor-column elementor-col-100 elementor-top-column elementor-element elementor-element-bb3f973\" data-id=\"bb3f973\" data-element_type=\"column\">\n\t\t\t<div class=\"elementor-widget-wrap elementor-element-populated\">\n\t\t\t\t\t\t<div class=\"elementor-element elementor-element-17c00412 elementor-widget elementor-widget-woocommerce-breadcrumb\" data-id=\"17c00412\" data-element_type=\"widget\" data-widget_type=\"woocommerce-breadcrumb.default\">\n\t\t\t\t<div class=\"elementor-widget-container\">\n\t\t\t\t\t<nav class=\"woocommerce-breadcrumb\" aria-label=\"Breadcrumb\">Home<\/nav>\t\t\t\t<\/div>\n\t\t\t\t<\/div>\n\t\t\t\t<div class=\"elementor-element elementor-element-78df4f77 elementor-widget__width-initial elementor-widget elementor-widget-heading\" data-id=\"78df4f77\" data-element_type=\"widget\" data-widget_type=\"heading.default\">\n\t\t\t\t<div class=\"elementor-widget-container\">\n\t\t\t\t\t<h2 class=\"elementor-heading-title elementor-size-default\">Il mio ordine\n<span style=\"color: #10cba6\"> online<\/span><\/h2>\t\t\t\t<\/div>\n\t\t\t\t<\/div>\n\t\t\t\t\t<\/div>\n\t\t<\/div>\n\t\t\t\t\t<\/div>\n\t\t<\/section>\n\t\t\t\t<section class=\"elementor-section elementor-top-section elementor-element elementor-element-af9cbe elementor-section-boxed elementor-section-height-default elementor-section-height-default\" data-id=\"af9cbe\" data-element_type=\"section\">\n\t\t\t\t\t\t<div class=\"elementor-container elementor-column-gap-default\">\n\t\t\t\t\t<div class=\"elementor-column elementor-col-100 elementor-top-column elementor-element elementor-element-4e1bb106\" data-id=\"4e1bb106\" data-element_type=\"column\">\n\t\t\t<div class=\"elementor-widget-wrap elementor-element-populated\">\n\t\t\t\t\t\t\t<\/div>\n\t\t<\/div>\n\t\t\t\t\t<\/div>\n\t\t<\/section>\n\t\t\t\t<\/div>\n\t\t","protected":false},"excerpt":{"rendered":"<p>Il mio ordine online Supprimer l\u2019\u00e9l\u00e9ment Miniature Produit Prix Quantit\u00e9 Sous-total \u00d7 Le programme Fran\u00e7ais KOKORO lingua &#8211; 1 an 129.00\u00a0\u20ac \/ year quantit\u00e9 de Le programme Fran\u00e7ais KOKORO lingua &#8211; 1 an\u00a0 129.00\u00a0\u20ac Aggiorna carrello Applica codice promo Totale Sous-total 129.00\u00a0\u20ac TVA (estim\u00e9 pour Suisse) 0.00\u00a0\u20ac Total 129.00\u00a0\u20ac Recurring totals 129.00\u00a0\u20ac \/ year Renouvellement [&hellip;]<\/p>\n","protected":false},"author":1,"featured_media":0,"parent":0,"menu_order":0,"comment_status":"closed","ping_status":"closed","template":"elementor_header_footer","meta":{"footnotes":""},"class_list":["post-710","page","type-page","status-publish","hentry"],"_links":{"self":[{"href":"https:\/\/institut.kokorolingua.fr\/it\/wp-json\/wp\/v2\/pages\/710","targetHints":{"allow":["GET"]}}],"collection":[{"href":"https:\/\/institut.kokorolingua.fr\/it\/wp-json\/wp\/v2\/pages"}],"about":[{"href":"https:\/\/institut.kokorolingua.fr\/it\/wp-json\/wp\/v2\/types\/page"}],"author":[{"embeddable":true,"href":"https:\/\/institut.kokorolingua.fr\/it\/wp-json\/wp\/v2\/users\/1"}],"replies":[{"embeddable":true,"href":"https:\/\/institut.kokorolingua.fr\/it\/wp-json\/wp\/v2\/comments?post=710"}],"version-history":[{"count":7,"href":"https:\/\/institut.kokorolingua.fr\/it\/wp-json\/wp\/v2\/pages\/710\/revisions"}],"predecessor-version":[{"id":997,"href":"https:\/\/institut.kokorolingua.fr\/it\/wp-json\/wp\/v2\/pages\/710\/revisions\/997"}],"wp:attachment":[{"href":"https:\/\/institut.kokorolingua.fr\/it\/wp-json\/wp\/v2\/media?parent=710"}],"curies":[{"name":"wp","href":"https:\/\/api.w.org\/{rel}","templated":true}]}}