{"id":235,"date":"2024-03-28T11:15:12","date_gmt":"2024-03-28T10:15:12","guid":{"rendered":"https:\/\/institut.kokorolingua.fr\/cart\/"},"modified":"2025-04-02T11:36:23","modified_gmt":"2025-04-02T09:36:23","slug":"cart","status":"publish","type":"page","link":"https:\/\/institut.kokorolingua.fr\/en\/cart\/","title":{"rendered":"Cart"},"content":{"rendered":"\t\t<div data-elementor-type=\"wp-page\" data-elementor-id=\"235\" class=\"elementor elementor-235 elementor-10\" data-elementor-post-type=\"page\">\n\t\t\t\t\t\t<section class=\"elementor-section elementor-top-section elementor-element elementor-element-3cfc44e6 elementor-section-boxed elementor-section-height-default elementor-section-height-default\" data-id=\"3cfc44e6\" data-element_type=\"section\">\n\t\t\t\t\t\t<div class=\"elementor-container elementor-column-gap-default\">\n\t\t\t\t\t<div class=\"elementor-column elementor-col-100 elementor-top-column elementor-element elementor-element-5397c7b2\" data-id=\"5397c7b2\" data-element_type=\"column\">\n\t\t\t<div class=\"elementor-widget-wrap elementor-element-populated\">\n\t\t\t\t\t\t<div class=\"elementor-element elementor-element-7ea03c01 elementor-widget elementor-widget-woocommerce-breadcrumb\" data-id=\"7ea03c01\" data-element_type=\"widget\" data-widget_type=\"woocommerce-breadcrumb.default\">\n\t\t\t\t<div class=\"elementor-widget-container\">\n\t\t\t\t\t<nav class=\"woocommerce-breadcrumb\" aria-label=\"Breadcrumb\">Home<\/nav>\t\t\t\t<\/div>\n\t\t\t\t<\/div>\n\t\t\t\t<div class=\"elementor-element elementor-element-636e883 elementor-widget elementor-widget-heading\" data-id=\"636e883\" data-element_type=\"widget\" data-widget_type=\"heading.default\">\n\t\t\t\t<div class=\"elementor-widget-container\">\n\t\t\t\t\t<h2 class=\"elementor-heading-title elementor-size-default\">My Cart<\/h2>\t\t\t\t<\/div>\n\t\t\t\t<\/div>\n\t\t\t\t\t<\/div>\n\t\t<\/div>\n\t\t\t\t\t<\/div>\n\t\t<\/section>\n\t\t\t\t<section class=\"elementor-section elementor-top-section elementor-element elementor-element-af9cbe elementor-section-boxed elementor-section-height-default elementor-section-height-default\" data-id=\"af9cbe\" data-element_type=\"section\">\n\t\t\t\t\t\t<div class=\"elementor-container elementor-column-gap-default\">\n\t\t\t\t\t<div class=\"elementor-column elementor-col-100 elementor-top-column elementor-element elementor-element-4e1bb106\" data-id=\"4e1bb106\" data-element_type=\"column\">\n\t\t\t<div class=\"elementor-widget-wrap elementor-element-populated\">\n\t\t\t\t\t\t\t<\/div>\n\t\t<\/div>\n\t\t\t\t\t<\/div>\n\t\t<\/section>\n\t\t\t\t<\/div>\n\t\t","protected":false},"excerpt":{"rendered":"<p>My Cart Supprimer l\u2019\u00e9l\u00e9ment Miniature Produit Prix Quantit\u00e9 Sous-total &times; Le programme Fran\u00e7ais KOKORO lingua pour les \u00e9coles 123&nbsp;&euro; quantit\u00e9 de Le programme Fran\u00e7ais KOKORO lingua pour les \u00e9coles&nbsp; 123&nbsp;&euro; Update shopping cart Apply the promotional code Total Sous-total 123&nbsp;&euro; Total 123&nbsp;&euro; (dont 11&nbsp;&euro; TVA) Proceed to order<\/p>\n","protected":false},"author":1,"featured_media":0,"parent":0,"menu_order":0,"comment_status":"closed","ping_status":"closed","template":"elementor_header_footer","meta":{"footnotes":""},"class_list":["post-235","page","type-page","status-publish","hentry"],"_links":{"self":[{"href":"https:\/\/institut.kokorolingua.fr\/en\/wp-json\/wp\/v2\/pages\/235","targetHints":{"allow":["GET"]}}],"collection":[{"href":"https:\/\/institut.kokorolingua.fr\/en\/wp-json\/wp\/v2\/pages"}],"about":[{"href":"https:\/\/institut.kokorolingua.fr\/en\/wp-json\/wp\/v2\/types\/page"}],"author":[{"embeddable":true,"href":"https:\/\/institut.kokorolingua.fr\/en\/wp-json\/wp\/v2\/users\/1"}],"replies":[{"embeddable":true,"href":"https:\/\/institut.kokorolingua.fr\/en\/wp-json\/wp\/v2\/comments?post=235"}],"version-history":[{"count":6,"href":"https:\/\/institut.kokorolingua.fr\/en\/wp-json\/wp\/v2\/pages\/235\/revisions"}],"predecessor-version":[{"id":1519,"href":"https:\/\/institut.kokorolingua.fr\/en\/wp-json\/wp\/v2\/pages\/235\/revisions\/1519"}],"wp:attachment":[{"href":"https:\/\/institut.kokorolingua.fr\/en\/wp-json\/wp\/v2\/media?parent=235"}],"curies":[{"name":"wp","href":"https:\/\/api.w.org\/{rel}","templated":true}]}}